{"id":2573,"date":"2022-06-27T12:22:55","date_gmt":"2022-06-27T12:22:55","guid":{"rendered":"https:\/\/hibiscus.qodeinteractive.com\/?page_id=2573"},"modified":"2025-11-02T10:22:16","modified_gmt":"2025-11-02T10:22:16","slug":"kontakt","status":"publish","type":"page","link":"https:\/\/lenkaayurveda.sk\/index.php\/kontakt\/","title":{"rendered":"Kontakt"},"content":{"rendered":"\t\t<div data-elementor-type=\"wp-page\" data-elementor-id=\"2573\" class=\"elementor elementor-2573\" data-elementor-post-type=\"page\">\n\t\t\t\t\t\t<section class=\"elementor-section elementor-top-section elementor-element elementor-element-ff5b209 elementor-section-full_width elementor-section-height-min-height qodef-elementor-content-grid elementor-section-height-default elementor-section-items-middle\" data-id=\"ff5b209\" data-element_type=\"section\" data-settings=\"{&quot;background_background&quot;:&quot;classic&quot;}\">\n\t\t\t\t\t\t<div class=\"elementor-container elementor-column-gap-default\">\n\t\t\t\t\t<div class=\"elementor-column elementor-col-50 elementor-top-column elementor-element elementor-element-7cec291\" data-id=\"7cec291\" data-element_type=\"column\">\n\t\t\t<div class=\"elementor-widget-wrap elementor-element-populated\">\n\t\t\t\t\t\t<div class=\"elementor-element elementor-element-9c9d423 elementor-widget elementor-widget-heading\" data-id=\"9c9d423\" data-element_type=\"widget\" data-widget_type=\"heading.default\">\n\t\t\t\t<div class=\"elementor-widget-container\">\n\t\t\t\t\t<h3 class=\"elementor-heading-title elementor-size-default\">M\u00e1te z\u00e1ujem o ayurv\u00e9dsky pobyt?<\/h3>\t\t\t\t<\/div>\n\t\t\t\t<\/div>\n\t\t\t\t<div class=\"elementor-element elementor-element-3298a9a elementor-widget elementor-widget-text-editor\" data-id=\"3298a9a\" data-element_type=\"widget\" data-widget_type=\"text-editor.default\">\n\t\t\t\t<div class=\"elementor-widget-container\">\n\t\t\t\t\t\t\t\t\t<div class=\"elementor-element elementor-element-a7e673d elementor-widget elementor-widget-heading\" data-id=\"a7e673d\" data-element_type=\"widget\" data-widget_type=\"heading.default\"><div class=\"elementor-widget-container\"><h3 class=\"elementor-heading-title elementor-size-default\">Pridajte sa ku mne<\/h3><\/div><\/div><div class=\"elementor-element elementor-element-d4868f1 elementor-widget elementor-widget-text-editor\" data-id=\"d4868f1\" data-element_type=\"widget\" data-widget_type=\"text-editor.default\"><div class=\"elementor-widget-container\"><p data-start=\"309\" data-end=\"427\">Sta\u010d\u00ed vyplni\u0165 tento kr\u00e1tky formul\u00e1r a priprav\u00edm v\u00e1m ponuku pobytov \u0161it\u00fa na mieru.<\/p><p data-start=\"429\" data-end=\"481\"><strong>Vypl\u0148te svoje \u00fadaje a ja sa v\u00e1m \u010doskoro ozvem.<\/strong><\/p><\/div><\/div>\t\t\t\t\t\t\t\t<\/div>\n\t\t\t\t<\/div>\n\t\t\t\t\t<\/div>\n\t\t<\/div>\n\t\t\t\t<div class=\"elementor-column elementor-col-50 elementor-top-column elementor-element elementor-element-b430b43\" data-id=\"b430b43\" data-element_type=\"column\">\n\t\t\t<div class=\"elementor-widget-wrap elementor-element-populated\">\n\t\t\t\t\t\t<div class=\"elementor-element elementor-element-37e6269 elementor-mobile-button-align-center elementor-button-align-center elementor-widget elementor-widget-form\" data-id=\"37e6269\" data-element_type=\"widget\" data-settings=\"{&quot;step_next_label&quot;:&quot;\\u010eal\\u0161ie&quot;,&quot;step_previous_label&quot;:&quot;Predo\\u0161l\\u00e9&quot;,&quot;button_width&quot;:&quot;100&quot;,&quot;step_type&quot;:&quot;number_text&quot;,&quot;step_icon_shape&quot;:&quot;circle&quot;}\" data-widget_type=\"form.default\">\n\t\t\t\t<div class=\"elementor-widget-container\">\n\t\t\t\t\t\t\t<form class=\"elementor-form\" method=\"post\" name=\"New Form\" aria-label=\"New Form\">\n\t\t\t<input type=\"hidden\" name=\"post_id\" value=\"2573\"\/>\n\t\t\t<input type=\"hidden\" name=\"form_id\" value=\"37e6269\"\/>\n\t\t\t<input type=\"hidden\" name=\"referer_title\" value=\"Kontakt\" \/>\n\n\t\t\t\t\t\t\t<input type=\"hidden\" name=\"queried_id\" value=\"2573\"\/>\n\t\t\t\n\t\t\t<div class=\"elementor-form-fields-wrapper elementor-labels-\">\n\t\t\t\t\t\t\t\t<div class=\"elementor-field-type-text elementor-field-group elementor-column elementor-field-group-name elementor-col-100\">\n\t\t\t\t\t\t\t\t\t\t\t\t<label for=\"form-field-name\" class=\"elementor-field-label elementor-screen-only\">\n\t\t\t\t\t\t\t\tMeno\t\t\t\t\t\t\t<\/label>\n\t\t\t\t\t\t\t\t\t\t\t\t\t\t<input size=\"1\" type=\"text\" name=\"form_fields[name]\" id=\"form-field-name\" class=\"elementor-field elementor-size-sm  elementor-field-textual\" placeholder=\"Va\u0161e meno \">\n\t\t\t\t\t\t\t\t\t\t\t<\/div>\n\t\t\t\t\t\t\t\t<div class=\"elementor-field-type-email elementor-field-group elementor-column elementor-field-group-email elementor-col-100 elementor-field-required\">\n\t\t\t\t\t\t\t\t\t\t\t\t<label for=\"form-field-email\" class=\"elementor-field-label elementor-screen-only\">\n\t\t\t\t\t\t\t\tEmail\t\t\t\t\t\t\t<\/label>\n\t\t\t\t\t\t\t\t\t\t\t\t\t\t<input size=\"1\" type=\"email\" name=\"form_fields[email]\" id=\"form-field-email\" class=\"elementor-field elementor-size-sm  elementor-field-textual\" placeholder=\"V\u00e1\u0161 email \" required=\"required\">\n\t\t\t\t\t\t\t\t\t\t\t<\/div>\n\t\t\t\t\t\t\t\t<div class=\"elementor-field-type-textarea elementor-field-group elementor-column elementor-field-group-message elementor-col-100\">\n\t\t\t\t\t\t\t\t\t\t\t\t<label for=\"form-field-message\" class=\"elementor-field-label elementor-screen-only\">\n\t\t\t\t\t\t\t\tSpr\u00e1va\t\t\t\t\t\t\t<\/label>\n\t\t\t\t\t\t<textarea class=\"elementor-field-textual elementor-field  elementor-size-sm\" name=\"form_fields[message]\" id=\"form-field-message\" rows=\"4\" placeholder=\"Va\u0161a sp\u00e1va \"><\/textarea>\t\t\t\t<\/div>\n\t\t\t\t\t\t\t\t<div class=\"elementor-field-type-recaptcha_v3 elementor-field-group elementor-column elementor-field-group-field_8300958 elementor-col-100 recaptcha_v3-bottomright\">\n\t\t\t\t\t<div class=\"elementor-field\" id=\"form-field-field_8300958\"><div class=\"elementor-g-recaptcha\" data-sitekey=\"6LfYZ30rAAAAAGzOMngWw5W_U7Toz7f0Wq22Es4e\" data-type=\"v3\" data-action=\"Form\" data-badge=\"bottomright\" data-size=\"invisible\"><\/div><\/div>\t\t\t\t<\/div>\n\t\t\t\t\t\t\t\t<div class=\"elementor-field-group elementor-column elementor-field-type-submit elementor-col-100 e-form__buttons\">\n\t\t\t\t\t<button class=\"elementor-button elementor-size-sm\" type=\"submit\">\n\t\t\t\t\t\t<span class=\"elementor-button-content-wrapper\">\n\t\t\t\t\t\t\t\t\t\t\t\t\t\t\t\t\t\t\t\t\t\t<span class=\"elementor-button-text\">M\u00e1m zaujem o viac inform\u00e1ci\u00ed<\/span>\n\t\t\t\t\t\t\t\t\t\t\t\t\t<\/span>\n\t\t\t\t\t<\/button>\n\t\t\t\t<\/div>\n\t\t\t<\/div>\n\t\t<\/form>\n\t\t\t\t\t\t<\/div>\n\t\t\t\t<\/div>\n\t\t\t\t<div class=\"elementor-element elementor-element-3cdffe6 elementor-widget elementor-widget-text-editor\" data-id=\"3cdffe6\" data-element_type=\"widget\" data-widget_type=\"text-editor.default\">\n\t\t\t\t<div class=\"elementor-widget-container\">\n\t\t\t\t\t\t\t\t\t<p>Va\u0161e osobn\u00e9 \u00fadaje s\u00fa v bezpe\u010d\u00ed a bud\u00fa spracovan\u00e9 pod\u013ea z\u00e1sad ochrany osobn\u00fdch \u00fadajov. Stla\u010den\u00edm tla\u010didla d\u00e1vate s\u00fahlas s t\u00fdmto spracovan\u00edm. S\u00fahlas m\u00f4\u017eete kedyko\u013evek zru\u0161i\u0165 cez tla\u010didlo \u201eOdhl\u00e1si\u0165 sa\u201c v ka\u017edom zaslanom e-maile.<\/p>\t\t\t\t\t\t\t\t<\/div>\n\t\t\t\t<\/div>\n\t\t\t\t\t<\/div>\n\t\t<\/div>\n\t\t\t\t\t<\/div>\n\t\t<\/section>\n\t\t\t\t<section class=\"elementor-section elementor-top-section elementor-element elementor-element-bcdc567 elementor-section-full_width qodef-elementor-content-grid elementor-section-height-default elementor-section-height-default\" data-id=\"bcdc567\" data-element_type=\"section\">\n\t\t\t\t\t\t<div class=\"elementor-container elementor-column-gap-default\">\n\t\t\t\t\t<div class=\"elementor-column elementor-col-25 elementor-top-column elementor-element elementor-element-2b2784d\" data-id=\"2b2784d\" data-element_type=\"column\">\n\t\t\t<div class=\"elementor-widget-wrap elementor-element-populated\">\n\t\t\t\t\t\t<div class=\"elementor-element elementor-element-1f259e8 elementor-widget elementor-widget-hibiscus_core_info_section\" data-id=\"1f259e8\" data-element_type=\"widget\" data-widget_type=\"hibiscus_core_info_section.default\">\n\t\t\t\t<div class=\"elementor-widget-container\">\n\t\t\t\t\t<div class=\"qodef-shortcode qodef-m qodef-info-section qodef-layout--background-text qodef-background-text-pos--top-left\">\n\t<div class=\"qodef-m-background-text\">\n\t\t\t<\/div>\n\t<div class=\"qodef-m-info\">\n\t\t\t<h6 class=\"qodef-m-title\" >\n\t\tE-mail\t<\/h6>\n\t\t\t<div class=\"qodef-m-text\" >\n        <p><a href=\"mailto:info@lenkaayurveda.sk\">info@lenkaayurveda.sk<\/a><\/p>    <\/div>\n\t\t\t<\/div>\n<\/div>\n\t\t\t\t<\/div>\n\t\t\t\t<\/div>\n\t\t\t\t\t<\/div>\n\t\t<\/div>\n\t\t\t\t<div class=\"elementor-column elementor-col-25 elementor-top-column elementor-element elementor-element-4bd0896\" data-id=\"4bd0896\" data-element_type=\"column\">\n\t\t\t<div class=\"elementor-widget-wrap elementor-element-populated\">\n\t\t\t\t\t\t<div class=\"elementor-element elementor-element-5037a5c elementor-widget elementor-widget-hibiscus_core_info_section\" data-id=\"5037a5c\" data-element_type=\"widget\" data-widget_type=\"hibiscus_core_info_section.default\">\n\t\t\t\t<div class=\"elementor-widget-container\">\n\t\t\t\t\t<div class=\"qodef-shortcode qodef-m qodef-info-section qodef-layout--background-text qodef-background-text-pos--top-left\">\n\t<div class=\"qodef-m-background-text\">\n\t\t\t<\/div>\n\t<div class=\"qodef-m-info\">\n\t\t\t<h6 class=\"qodef-m-title\" >\n\t\tTelef\u00f3n\t<\/h6>\n\t\t\t<div class=\"qodef-m-text\" >\n        <p><a href=\"tel:+421917730565\">+421 917 730 565<\/a><\/p>    <\/div>\n\t\t\t<\/div>\n<\/div>\n\t\t\t\t<\/div>\n\t\t\t\t<\/div>\n\t\t\t\t\t<\/div>\n\t\t<\/div>\n\t\t\t\t<div class=\"elementor-column elementor-col-25 elementor-top-column elementor-element elementor-element-be60453\" data-id=\"be60453\" data-element_type=\"column\">\n\t\t\t<div class=\"elementor-widget-wrap elementor-element-populated\">\n\t\t\t\t\t\t<div class=\"elementor-element elementor-element-0efd805 elementor-widget elementor-widget-hibiscus_core_info_section\" data-id=\"0efd805\" data-element_type=\"widget\" data-widget_type=\"hibiscus_core_info_section.default\">\n\t\t\t\t<div class=\"elementor-widget-container\">\n\t\t\t\t\t<div class=\"qodef-shortcode qodef-m qodef-info-section qodef-layout--background-text qodef-background-text-pos--top-left\">\n\t<div class=\"qodef-m-background-text\">\n\t\t\t<\/div>\n\t<div class=\"qodef-m-info\">\n\t\t\t<h6 class=\"qodef-m-title\" >\n\t\tInstagram\t<\/h6>\n\t\t\t<div class=\"qodef-m-text\" >\n        <p><a href=\"https:\/\/www.instagram.com\/lenka_ayurveda?igsh=MW83bTM1NWphbWhlbA==\">lenka_ayurveda<\/a><\/p>    <\/div>\n\t\t\t<\/div>\n<\/div>\n\t\t\t\t<\/div>\n\t\t\t\t<\/div>\n\t\t\t\t\t<\/div>\n\t\t<\/div>\n\t\t\t\t<div class=\"elementor-column elementor-col-25 elementor-top-column elementor-element elementor-element-51ba85c\" data-id=\"51ba85c\" data-element_type=\"column\">\n\t\t\t<div class=\"elementor-widget-wrap elementor-element-populated\">\n\t\t\t\t\t\t<div class=\"elementor-element elementor-element-0bc2610 elementor-widget elementor-widget-hibiscus_core_info_section\" data-id=\"0bc2610\" data-element_type=\"widget\" data-widget_type=\"hibiscus_core_info_section.default\">\n\t\t\t\t<div class=\"elementor-widget-container\">\n\t\t\t\t\t<div class=\"qodef-shortcode qodef-m qodef-info-section qodef-layout--background-text qodef-background-text-pos--top-left\">\n\t<div class=\"qodef-m-background-text\">\n\t\t\t<\/div>\n\t<div class=\"qodef-m-info\">\n\t\t\t<h6 class=\"qodef-m-title\" >\n\t\tFacebook\t<\/h6>\n\t\t\t<div class=\"qodef-m-text\" >\n        <p><a href=\"https:\/\/www.facebook.com\/lenkaagencysrilanka\">lenkaagencysrilanka<\/a><\/p>    <\/div>\n\t\t\t<\/div>\n<\/div>\n\t\t\t\t<\/div>\n\t\t\t\t<\/div>\n\t\t\t\t\t<\/div>\n\t\t<\/div>\n\t\t\t\t\t<\/div>\n\t\t<\/section>\n\t\t\t\t<\/div>\n\t\t","protected":false},"excerpt":{"rendered":"<p>M\u00e1te z\u00e1ujem o ayurv\u00e9dsky pobyt? Pridajte sa ku mne Sta\u010d\u00ed vyplni\u0165 tento kr\u00e1tky formul\u00e1r a priprav\u00edm v\u00e1m ponuku pobytov \u0161it\u00fa na mieru. Vypl\u0148te svoje \u00fadaje a ja sa v\u00e1m \u010doskoro ozvem. Va\u0161e osobn\u00e9 \u00fadaje s\u00fa v bezpe\u010d\u00ed a bud\u00fa spracovan\u00e9 pod\u013ea z\u00e1sad ochrany osobn\u00fdch \u00fadajov. Stla\u010den\u00edm tla\u010didla d\u00e1vate s\u00fahlas s t\u00fdmto spracovan\u00edm. S\u00fahlas m\u00f4\u017eete kedyko\u013evek [&hellip;]<\/p>\n","protected":false},"author":1,"featured_media":0,"parent":0,"menu_order":0,"comment_status":"closed","ping_status":"closed","template":"page-full-width.php","meta":{"_acf_changed":false,"footnotes":""},"class_list":["post-2573","page","type-page","status-publish","hentry"],"acf":[],"_links":{"self":[{"href":"https:\/\/lenkaayurveda.sk\/index.php\/wp-json\/wp\/v2\/pages\/2573","targetHints":{"allow":["GET"]}}],"collection":[{"href":"https:\/\/lenkaayurveda.sk\/index.php\/wp-json\/wp\/v2\/pages"}],"about":[{"href":"https:\/\/lenkaayurveda.sk\/index.php\/wp-json\/wp\/v2\/types\/page"}],"author":[{"embeddable":true,"href":"https:\/\/lenkaayurveda.sk\/index.php\/wp-json\/wp\/v2\/users\/1"}],"replies":[{"embeddable":true,"href":"https:\/\/lenkaayurveda.sk\/index.php\/wp-json\/wp\/v2\/comments?post=2573"}],"version-history":[{"count":40,"href":"https:\/\/lenkaayurveda.sk\/index.php\/wp-json\/wp\/v2\/pages\/2573\/revisions"}],"predecessor-version":[{"id":23393,"href":"https:\/\/lenkaayurveda.sk\/index.php\/wp-json\/wp\/v2\/pages\/2573\/revisions\/23393"}],"wp:attachment":[{"href":"https:\/\/lenkaayurveda.sk\/index.php\/wp-json\/wp\/v2\/media?parent=2573"}],"curies":[{"name":"wp","href":"https:\/\/api.w.org\/{rel}","templated":true}]}}