{"id":1541,"date":"2022-06-17T07:56:35","date_gmt":"2022-06-17T07:56:35","guid":{"rendered":"https:\/\/hibiscus.qodeinteractive.com\/?page_id=1541"},"modified":"2022-06-17T07:56:35","modified_gmt":"2022-06-17T07:56:35","slug":"no-sidebar","status":"publish","type":"page","link":"https:\/\/lenkaayurveda.sk\/index.php\/no-sidebar\/","title":{"rendered":"No Sidebar"},"content":{"rendered":"\t\t<div data-elementor-type=\"wp-page\" data-elementor-id=\"1541\" class=\"elementor elementor-1541\" data-elementor-post-type=\"page\">\n\t\t\t\t\t\t<section class=\"elementor-section elementor-top-section elementor-element elementor-element-ec78491 elementor-section-full_width elementor-section-height-default elementor-section-height-default qodef-elementor-content-no\" data-id=\"ec78491\" data-element_type=\"section\">\n\t\t\t\t\t\t<div class=\"elementor-container elementor-column-gap-default\">\n\t\t\t\t\t<div class=\"elementor-column elementor-col-100 elementor-top-column elementor-element elementor-element-0c1507b\" data-id=\"0c1507b\" data-element_type=\"column\">\n\t\t\t<div class=\"elementor-widget-wrap elementor-element-populated\">\n\t\t\t\t\t\t<div class=\"elementor-element elementor-element-fe64479 elementor-widget elementor-widget-hibiscus_core_blog_list\" data-id=\"fe64479\" data-element_type=\"widget\" data-widget_type=\"hibiscus_core_blog_list.default\">\n\t\t\t\t<div class=\"elementor-widget-container\">\n\t\t\t\t\t<div class=\"qodef-shortcode qodef-m qodef-blog qodef--list qodef-item-layout--standard qodef-grid qodef-layout--columns qodef-gutter--enormous qodef-col-num--1 qodef-item-layout--standard qodef-pagination--on qodef-pagination-type--standard qodef-responsive--predefined qodef-swiper-pagination--on\" data-options=\"{&quot;plugin&quot;:&quot;hibiscus_core&quot;,&quot;module&quot;:&quot;blog\\\/shortcodes&quot;,&quot;shortcode&quot;:&quot;blog-list&quot;,&quot;post_type&quot;:&quot;post&quot;,&quot;next_page&quot;:&quot;2&quot;,&quot;max_pages_num&quot;:1,&quot;behavior&quot;:&quot;columns&quot;,&quot;images_proportion&quot;:&quot;full&quot;,&quot;columns&quot;:&quot;1&quot;,&quot;columns_responsive&quot;:&quot;predefined&quot;,&quot;columns_1440&quot;:&quot;3&quot;,&quot;columns_1366&quot;:&quot;3&quot;,&quot;columns_1024&quot;:&quot;3&quot;,&quot;columns_768&quot;:&quot;3&quot;,&quot;columns_680&quot;:&quot;3&quot;,&quot;columns_480&quot;:&quot;3&quot;,&quot;space&quot;:&quot;enormous&quot;,&quot;posts_per_page&quot;:&quot;5&quot;,&quot;orderby&quot;:&quot;date&quot;,&quot;order&quot;:&quot;ASC&quot;,&quot;layout&quot;:&quot;standard&quot;,&quot;title_tag&quot;:&quot;h2&quot;,&quot;excerpt_length&quot;:&quot;700&quot;,&quot;pagination_type&quot;:&quot;standard&quot;,&quot;show_social_share&quot;:&quot;yes&quot;,&quot;content_margin_bottom&quot;:&quot;35px&quot;,&quot;object_class_name&quot;:&quot;HibiscusCore_Blog_List_Shortcode&quot;,&quot;taxonomy_filter&quot;:&quot;category&quot;,&quot;additional_query_args&quot;:[],&quot;space_value&quot;:48}\">\n\t\t<div class=\"qodef-grid-inner clear\">\n\t\t\n<article class=\"qodef-e qodef-blog-item qodef-grid-item qodef-item--full post-23807 post type-post status-publish format-standard has-post-thumbnail hentry category-ayurveda\">\n\t<div class=\"qodef-e-inner\">\n\t\t<div class=\"qodef-e-heading\">\n\t\t\t<a itemprop=\"dateCreated\" href=\"https:\/\/lenkaayurveda.sk\/index.php\/2025\/09\/\" class=\"entry-date \">\n\t11 septembra, 2025<\/a>\n<div class=\"qodef-e-media\">\n\t\t<div class=\"qodef-e-media-image\">\n\t\t<a itemprop=\"url\" href=\"https:\/\/lenkaayurveda.sk\/index.php\/2025\/09\/11\/ako-zistit-ktora-dosa-vo-mne-prevlada\/\">\n\t\t\t<img fetchpriority=\"high\" decoding=\"async\" width=\"2560\" height=\"1707\" src=\"https:\/\/lenkaayurveda.sk\/wp-content\/uploads\/2025\/12\/friends-with-yerba-mate-indoors-high-angle-scaled.jpg\" class=\"attachment-full size-full\" alt=\"\" srcset=\"https:\/\/lenkaayurveda.sk\/wp-content\/uploads\/2025\/12\/friends-with-yerba-mate-indoors-high-angle-scaled.jpg 2560w, https:\/\/lenkaayurveda.sk\/wp-content\/uploads\/2025\/12\/friends-with-yerba-mate-indoors-high-angle-300x200.jpg 300w, https:\/\/lenkaayurveda.sk\/wp-content\/uploads\/2025\/12\/friends-with-yerba-mate-indoors-high-angle-1024x683.jpg 1024w, https:\/\/lenkaayurveda.sk\/wp-content\/uploads\/2025\/12\/friends-with-yerba-mate-indoors-high-angle-768x512.jpg 768w, https:\/\/lenkaayurveda.sk\/wp-content\/uploads\/2025\/12\/friends-with-yerba-mate-indoors-high-angle-1536x1024.jpg 1536w, https:\/\/lenkaayurveda.sk\/wp-content\/uploads\/2025\/12\/friends-with-yerba-mate-indoors-high-angle-2048x1365.jpg 2048w\" sizes=\"(max-width: 2560px) 100vw, 2560px\" \/>\t\t<\/a>\n\t<\/div>\n<\/div>\n\t\t<\/div>\n\t\t<div class=\"qodef-e-content\" style=\"margin-bottom: 35px\">\n\t\t\t<div class=\"qodef-e-top-holder\">\n\t\t\t\t<div class=\"qodef-e-info\">\n\t\t\t\t\t<a itemprop=\"author\" href=\"https:\/\/lenkaayurveda.sk\/index.php\/author\/lenkaadmin2025\/\" class=\"qodef-e-info-author\">\n\tLenkaadmin2025<\/a><div class=\"qodef-info-separator-end\"><\/div>\n<a href=\"https:\/\/lenkaayurveda.sk\/index.php\/category\/ayurveda\/\" rel=\"tag\">Ayurveda<\/a><div class=\"qodef-info-separator-end\"><\/div>\t\t\t\t<\/div>\n\t\t\t<\/div>\n\t\t\t<div class=\"qodef-e-text\">\n\t\t\t\t<h2 itemprop=\"name\" class=\"qodef-e-title entry-title\" >\n\t<a itemprop=\"url\" class=\"qodef-e-title-link\" href=\"https:\/\/lenkaayurveda.sk\/index.php\/2025\/09\/11\/ako-zistit-ktora-dosa-vo-mne-prevlada\/\">\n\t\tAko zisti\u0165, ktor\u00e1 d\u00f3\u0161a vo mne prevl\u00e1da?\t<\/a>\n<\/h2>\n\t\t<p itemprop=\"description\" class=\"qodef-e-excerpt\">Zdravie nie je cie\u013e, ale prirodzen\u00fd stav, ke\u010f \u017eije\u0161 v s\u00falade so sebou<\/p>\n\t\t\t\t\t<\/div>\n\t\t\t<div class=\"qodef-e-bottom-holder\">\n\t\t\t\t<div class=\"qodef-e-left\">\n\t\t\t\t\t\t<div class=\"qodef-e-read-more\">\n\t\t<a class=\"qodef-shortcode qodef-m qodef-button qodef-layout--textual qodef-html--link\" href=\"https:\/\/lenkaayurveda.sk\/index.php\/2025\/09\/11\/ako-zistit-ktora-dosa-vo-mne-prevlada\/\" target=\"_self\"  >\t<span class=\"qodef-m-text\">Read More<\/span><\/a>\t<\/div>\n\t\t\t\t<\/div>\n\t\t\t\t\t\t\t\t\t<div class=\"qodef-e-right qodef-e-info\">\n\t\t\t\t\t\t<div class=\"qodef-shortcode qodef-m qodef-social-share clear qodef-layout--text\">\t\t<ul class=\"qodef-shortcode-list\">\t\t\t<\/ul><\/div>\t\t\t\t\t<\/div>\n\t\t\t\t\t\t\t<\/div>\n\t\t<\/div>\n\t<\/div>\n<\/article>\n\n<article class=\"qodef-e qodef-blog-item qodef-grid-item qodef-item--full post-23811 post type-post status-publish format-standard has-post-thumbnail hentry category-ayurveda\">\n\t<div class=\"qodef-e-inner\">\n\t\t<div class=\"qodef-e-heading\">\n\t\t\t<a itemprop=\"dateCreated\" href=\"https:\/\/lenkaayurveda.sk\/index.php\/2025\/10\/\" class=\"entry-date \">\n\t15 okt\u00f3bra, 2025<\/a>\n<div class=\"qodef-e-media\">\n\t\t<div class=\"qodef-e-media-image\">\n\t\t<a itemprop=\"url\" href=\"https:\/\/lenkaayurveda.sk\/index.php\/2025\/10\/15\/co-je-ayurveda\/\">\n\t\t\t<img decoding=\"async\" width=\"2560\" height=\"1707\" src=\"https:\/\/lenkaayurveda.sk\/wp-content\/uploads\/2025\/12\/senior-meditation-guide-with-singing-bowls-sea-scaled.jpg\" class=\"attachment-full size-full\" alt=\"\" srcset=\"https:\/\/lenkaayurveda.sk\/wp-content\/uploads\/2025\/12\/senior-meditation-guide-with-singing-bowls-sea-scaled.jpg 2560w, https:\/\/lenkaayurveda.sk\/wp-content\/uploads\/2025\/12\/senior-meditation-guide-with-singing-bowls-sea-300x200.jpg 300w, https:\/\/lenkaayurveda.sk\/wp-content\/uploads\/2025\/12\/senior-meditation-guide-with-singing-bowls-sea-1024x683.jpg 1024w, https:\/\/lenkaayurveda.sk\/wp-content\/uploads\/2025\/12\/senior-meditation-guide-with-singing-bowls-sea-768x512.jpg 768w, https:\/\/lenkaayurveda.sk\/wp-content\/uploads\/2025\/12\/senior-meditation-guide-with-singing-bowls-sea-1536x1024.jpg 1536w, https:\/\/lenkaayurveda.sk\/wp-content\/uploads\/2025\/12\/senior-meditation-guide-with-singing-bowls-sea-2048x1365.jpg 2048w\" sizes=\"(max-width: 2560px) 100vw, 2560px\" \/>\t\t<\/a>\n\t<\/div>\n<\/div>\n\t\t<\/div>\n\t\t<div class=\"qodef-e-content\" style=\"margin-bottom: 35px\">\n\t\t\t<div class=\"qodef-e-top-holder\">\n\t\t\t\t<div class=\"qodef-e-info\">\n\t\t\t\t\t<a itemprop=\"author\" href=\"https:\/\/lenkaayurveda.sk\/index.php\/author\/lenkaadmin2025\/\" class=\"qodef-e-info-author\">\n\tLenkaadmin2025<\/a><div class=\"qodef-info-separator-end\"><\/div>\n<a href=\"https:\/\/lenkaayurveda.sk\/index.php\/category\/ayurveda\/\" rel=\"tag\">Ayurveda<\/a><div class=\"qodef-info-separator-end\"><\/div>\t\t\t\t<\/div>\n\t\t\t<\/div>\n\t\t\t<div class=\"qodef-e-text\">\n\t\t\t\t<h2 itemprop=\"name\" class=\"qodef-e-title entry-title\" >\n\t<a itemprop=\"url\" class=\"qodef-e-title-link\" href=\"https:\/\/lenkaayurveda.sk\/index.php\/2025\/10\/15\/co-je-ayurveda\/\">\n\t\t\u010co je ayurv\u00e9da?\t<\/a>\n<\/h2>\n\t\t<p itemprop=\"description\" class=\"qodef-e-excerpt\">Zdravie nie je cie\u013e, ale prirodzen\u00fd stav, ke\u010f \u017eije\u0161 v s\u00falade so sebou<\/p>\n\t\t\t\t\t<\/div>\n\t\t\t<div class=\"qodef-e-bottom-holder\">\n\t\t\t\t<div class=\"qodef-e-left\">\n\t\t\t\t\t\t<div class=\"qodef-e-read-more\">\n\t\t<a class=\"qodef-shortcode qodef-m qodef-button qodef-layout--textual qodef-html--link\" href=\"https:\/\/lenkaayurveda.sk\/index.php\/2025\/10\/15\/co-je-ayurveda\/\" target=\"_self\"  >\t<span class=\"qodef-m-text\">Read More<\/span><\/a>\t<\/div>\n\t\t\t\t<\/div>\n\t\t\t\t\t\t\t\t\t<div class=\"qodef-e-right qodef-e-info\">\n\t\t\t\t\t\t<div class=\"qodef-shortcode qodef-m qodef-social-share clear qodef-layout--text\">\t\t<ul class=\"qodef-shortcode-list\">\t\t\t<\/ul><\/div>\t\t\t\t\t<\/div>\n\t\t\t\t\t\t\t<\/div>\n\t\t<\/div>\n\t<\/div>\n<\/article>\n\n<article class=\"qodef-e qodef-blog-item qodef-grid-item qodef-item--full post-22926 post type-post status-publish format-standard has-post-thumbnail hentry category-ayurveda\">\n\t<div class=\"qodef-e-inner\">\n\t\t<div class=\"qodef-e-heading\">\n\t\t\t<a itemprop=\"dateCreated\" href=\"https:\/\/lenkaayurveda.sk\/index.php\/2025\/11\/\" class=\"entry-date \">\n\t20 novembra, 2025<\/a>\n<div class=\"qodef-e-media\">\n\t\t<div class=\"qodef-e-media-image\">\n\t\t<a itemprop=\"url\" href=\"https:\/\/lenkaayurveda.sk\/index.php\/2025\/11\/20\/5-najcastejsich-chyb-ktore-robime-ked-chceme-zit-zdravo-a-ayurveda-ich-riesi-inak\/\">\n\t\t\t<img decoding=\"async\" width=\"2560\" height=\"1707\" src=\"https:\/\/lenkaayurveda.sk\/wp-content\/uploads\/2025\/06\/Ayurveda-3-scaled.jpg\" class=\"attachment-full size-full\" alt=\"\" srcset=\"https:\/\/lenkaayurveda.sk\/wp-content\/uploads\/2025\/06\/Ayurveda-3-scaled.jpg 2560w, https:\/\/lenkaayurveda.sk\/wp-content\/uploads\/2025\/06\/Ayurveda-3-300x200.jpg 300w, https:\/\/lenkaayurveda.sk\/wp-content\/uploads\/2025\/06\/Ayurveda-3-1024x683.jpg 1024w, https:\/\/lenkaayurveda.sk\/wp-content\/uploads\/2025\/06\/Ayurveda-3-768x512.jpg 768w, https:\/\/lenkaayurveda.sk\/wp-content\/uploads\/2025\/06\/Ayurveda-3-1536x1024.jpg 1536w, https:\/\/lenkaayurveda.sk\/wp-content\/uploads\/2025\/06\/Ayurveda-3-2048x1365.jpg 2048w\" sizes=\"(max-width: 2560px) 100vw, 2560px\" \/>\t\t<\/a>\n\t<\/div>\n<\/div>\n\t\t<\/div>\n\t\t<div class=\"qodef-e-content\" style=\"margin-bottom: 35px\">\n\t\t\t<div class=\"qodef-e-top-holder\">\n\t\t\t\t<div class=\"qodef-e-info\">\n\t\t\t\t\t<a itemprop=\"author\" href=\"https:\/\/lenkaayurveda.sk\/index.php\/author\/lenkaadmin2025\/\" class=\"qodef-e-info-author\">\n\tLenkaadmin2025<\/a><div class=\"qodef-info-separator-end\"><\/div>\n<a href=\"https:\/\/lenkaayurveda.sk\/index.php\/category\/ayurveda\/\" rel=\"tag\">Ayurveda<\/a><div class=\"qodef-info-separator-end\"><\/div>\t\t\t\t<\/div>\n\t\t\t<\/div>\n\t\t\t<div class=\"qodef-e-text\">\n\t\t\t\t<h2 itemprop=\"name\" class=\"qodef-e-title entry-title\" >\n\t<a itemprop=\"url\" class=\"qodef-e-title-link\" href=\"https:\/\/lenkaayurveda.sk\/index.php\/2025\/11\/20\/5-najcastejsich-chyb-ktore-robime-ked-chceme-zit-zdravo-a-ayurveda-ich-riesi-inak\/\">\n\t\t5 naj\u010dastej\u0161\u00edch ch\u00fdb, ktor\u00e9 rob\u00edme, ke\u010f chceme \u017ei\u0165 zdravo (a ayurv\u00e9da ich rie\u0161i inak)\t<\/a>\n<\/h2>\n\t\t<p itemprop=\"description\" class=\"qodef-e-excerpt\">Zdravie nie je cie\u013e, ale prirodzen\u00fd stav, ke\u010f \u017eije\u0161 v s\u00falade so sebou<\/p>\n\t\t\t\t\t<\/div>\n\t\t\t<div class=\"qodef-e-bottom-holder\">\n\t\t\t\t<div class=\"qodef-e-left\">\n\t\t\t\t\t\t<div class=\"qodef-e-read-more\">\n\t\t<a class=\"qodef-shortcode qodef-m qodef-button qodef-layout--textual qodef-html--link\" href=\"https:\/\/lenkaayurveda.sk\/index.php\/2025\/11\/20\/5-najcastejsich-chyb-ktore-robime-ked-chceme-zit-zdravo-a-ayurveda-ich-riesi-inak\/\" target=\"_self\"  >\t<span class=\"qodef-m-text\">Read More<\/span><\/a>\t<\/div>\n\t\t\t\t<\/div>\n\t\t\t\t\t\t\t\t\t<div class=\"qodef-e-right qodef-e-info\">\n\t\t\t\t\t\t<div class=\"qodef-shortcode qodef-m qodef-social-share clear qodef-layout--text\">\t\t<ul class=\"qodef-shortcode-list\">\t\t\t<\/ul><\/div>\t\t\t\t\t<\/div>\n\t\t\t\t\t\t\t<\/div>\n\t\t<\/div>\n\t<\/div>\n<\/article>\n\n<article class=\"qodef-e qodef-blog-item qodef-grid-item qodef-item--full post-23814 post type-post status-publish format-standard has-post-thumbnail hentry category-ayurveda\">\n\t<div class=\"qodef-e-inner\">\n\t\t<div class=\"qodef-e-heading\">\n\t\t\t<a itemprop=\"dateCreated\" href=\"https:\/\/lenkaayurveda.sk\/index.php\/2025\/12\/\" class=\"entry-date \">\n\t8 decembra, 2025<\/a>\n<div class=\"qodef-e-media\">\n\t\t<div class=\"qodef-e-media-image\">\n\t\t<a itemprop=\"url\" href=\"https:\/\/lenkaayurveda.sk\/index.php\/2025\/12\/08\/preco-sa-mi-vecer-nechce-jest-alebo-naopak-mam-vlci-hlad\/\">\n\t\t\t<img loading=\"lazy\" decoding=\"async\" width=\"1720\" height=\"2018\" src=\"https:\/\/lenkaayurveda.sk\/wp-content\/uploads\/2025\/09\/Heritance-Ayurveda-Presentation-27.jpg\" class=\"attachment-full size-full\" alt=\"\" srcset=\"https:\/\/lenkaayurveda.sk\/wp-content\/uploads\/2025\/09\/Heritance-Ayurveda-Presentation-27.jpg 1720w, https:\/\/lenkaayurveda.sk\/wp-content\/uploads\/2025\/09\/Heritance-Ayurveda-Presentation-27-256x300.jpg 256w, https:\/\/lenkaayurveda.sk\/wp-content\/uploads\/2025\/09\/Heritance-Ayurveda-Presentation-27-873x1024.jpg 873w, https:\/\/lenkaayurveda.sk\/wp-content\/uploads\/2025\/09\/Heritance-Ayurveda-Presentation-27-768x901.jpg 768w, https:\/\/lenkaayurveda.sk\/wp-content\/uploads\/2025\/09\/Heritance-Ayurveda-Presentation-27-1309x1536.jpg 1309w\" sizes=\"(max-width: 1720px) 100vw, 1720px\" \/>\t\t<\/a>\n\t<\/div>\n<\/div>\n\t\t<\/div>\n\t\t<div class=\"qodef-e-content\" style=\"margin-bottom: 35px\">\n\t\t\t<div class=\"qodef-e-top-holder\">\n\t\t\t\t<div class=\"qodef-e-info\">\n\t\t\t\t\t<a itemprop=\"author\" href=\"https:\/\/lenkaayurveda.sk\/index.php\/author\/lenkaadmin2025\/\" class=\"qodef-e-info-author\">\n\tLenkaadmin2025<\/a><div class=\"qodef-info-separator-end\"><\/div>\n<a href=\"https:\/\/lenkaayurveda.sk\/index.php\/category\/ayurveda\/\" rel=\"tag\">Ayurveda<\/a><div class=\"qodef-info-separator-end\"><\/div>\t\t\t\t<\/div>\n\t\t\t<\/div>\n\t\t\t<div class=\"qodef-e-text\">\n\t\t\t\t<h2 itemprop=\"name\" class=\"qodef-e-title entry-title\" >\n\t<a itemprop=\"url\" class=\"qodef-e-title-link\" href=\"https:\/\/lenkaayurveda.sk\/index.php\/2025\/12\/08\/preco-sa-mi-vecer-nechce-jest-alebo-naopak-mam-vlci-hlad\/\">\n\t\tPre\u010do sa mi ve\u010der nechce jes\u0165 (alebo naopak \u2013 m\u00e1m vl\u010d\u00ed hlad)?\t<\/a>\n<\/h2>\n\t\t<p itemprop=\"description\" class=\"qodef-e-excerpt\">Zdravie nie je cie\u013e, ale prirodzen\u00fd stav, ke\u010f \u017eije\u0161 v s\u00falade so sebou<\/p>\n\t\t\t\t\t<\/div>\n\t\t\t<div class=\"qodef-e-bottom-holder\">\n\t\t\t\t<div class=\"qodef-e-left\">\n\t\t\t\t\t\t<div class=\"qodef-e-read-more\">\n\t\t<a class=\"qodef-shortcode qodef-m qodef-button qodef-layout--textual qodef-html--link\" href=\"https:\/\/lenkaayurveda.sk\/index.php\/2025\/12\/08\/preco-sa-mi-vecer-nechce-jest-alebo-naopak-mam-vlci-hlad\/\" target=\"_self\"  >\t<span class=\"qodef-m-text\">Read More<\/span><\/a>\t<\/div>\n\t\t\t\t<\/div>\n\t\t\t\t\t\t\t\t\t<div class=\"qodef-e-right qodef-e-info\">\n\t\t\t\t\t\t<div class=\"qodef-shortcode qodef-m qodef-social-share clear qodef-layout--text\">\t\t<ul class=\"qodef-shortcode-list\">\t\t\t<\/ul><\/div>\t\t\t\t\t<\/div>\n\t\t\t\t\t\t\t<\/div>\n\t\t<\/div>\n\t<\/div>\n<\/article>\n\t<\/div>\n\t<\/div>\n\t\t\t\t<\/div>\n\t\t\t\t<\/div>\n\t\t\t\t\t<\/div>\n\t\t<\/div>\n\t\t\t\t\t<\/div>\n\t\t<\/section>\n\t\t\t\t<\/div>\n\t\t","protected":false},"excerpt":{"rendered":"<p>06 &#8211; 06 &#8211; 2022 Loren Evans East medicineHerbs Amazing healthy herbs Te duo paulo oratio complectitur, per at veri adipisci. In eum vide error evertitur. Ad eirmod fastidii per. Qui ne quaeque evertitur. Ad duo tantas dictas iudicabit, in pri civibus fuisset complectitur. Has nisl definitionem an, legere intellegam sit et.Maiorum appareat reformidans vix [&hellip;]<\/p>\n","protected":false},"author":1,"featured_media":0,"parent":0,"menu_order":0,"comment_status":"closed","ping_status":"closed","template":"","meta":{"_acf_changed":false,"footnotes":""},"class_list":["post-1541","page","type-page","status-publish","hentry"],"acf":[],"_links":{"self":[{"href":"https:\/\/lenkaayurveda.sk\/index.php\/wp-json\/wp\/v2\/pages\/1541","targetHints":{"allow":["GET"]}}],"collection":[{"href":"https:\/\/lenkaayurveda.sk\/index.php\/wp-json\/wp\/v2\/pages"}],"about":[{"href":"https:\/\/lenkaayurveda.sk\/index.php\/wp-json\/wp\/v2\/types\/page"}],"author":[{"embeddable":true,"href":"https:\/\/lenkaayurveda.sk\/index.php\/wp-json\/wp\/v2\/users\/1"}],"replies":[{"embeddable":true,"href":"https:\/\/lenkaayurveda.sk\/index.php\/wp-json\/wp\/v2\/comments?post=1541"}],"version-history":[{"count":0,"href":"https:\/\/lenkaayurveda.sk\/index.php\/wp-json\/wp\/v2\/pages\/1541\/revisions"}],"wp:attachment":[{"href":"https:\/\/lenkaayurveda.sk\/index.php\/wp-json\/wp\/v2\/media?parent=1541"}],"curies":[{"name":"wp","href":"https:\/\/api.w.org\/{rel}","templated":true}]}}